
{"id":3503,"date":"2022-02-26T10:52:22","date_gmt":"2022-02-26T10:52:22","guid":{"rendered":"http:\/\/www.madamefee.com\/produkt\/ipekevi-rococo-seidentuch-2\/"},"modified":"2024-10-06T21:22:41","modified_gmt":"2024-10-06T21:22:41","slug":"ipekevi-rococo-seidentuch-2","status":"publish","type":"product","link":"https:\/\/test.madamefee.com\/tr\/shop\/ipekevi\/ipekevi-seidentuch\/ipekevi-rococo-seidentuch-2\/","title":{"rendered":"Ipekevi Rococo Seidentuch"},"content":{"rendered":"","protected":false},"excerpt":{"rendered":"<p><strong>\u00d6zellikler<\/strong><br \/>\nTwill Ipek E\u015farp 100 % Ipek<br \/>\n<strong>Y\u0131kama talimat\u0131<\/strong><br \/>\nKuru temizleme, orta \u0131s\u0131da \u00fct\u00fc yap\u0131labilir<\/p>","protected":false},"featured_media":3462,"template":"","meta":[],"product_brand":[],"product_cat":[150],"product_tag":[],"class_list":{"0":"post-3503","1":"product","2":"type-product","3":"status-publish","4":"has-post-thumbnail","6":"product_cat-ipekevi-seidentuch","8":"first","9":"outofstock","10":"sale","11":"shipping-taxable","12":"purchasable","13":"product-type-simple","14":"layout-style-2","15":"col-md-4 col-sm-4 col-xs-6","16":"col-lg-4","17":"product-has-gallery","18":"product-style-default"},"yoast_head":"<!-- This site is optimized with the Yoast SEO plugin v27.4 - https:\/\/yoast.com\/product\/yoast-seo-wordpress\/ -->\n<title>Ipekevi Rococo Seidentuch - Madame Fee<\/title>\n<meta name=\"robots\" content=\"index, follow, max-snippet:-1, max-image-preview:large, max-video-preview:-1\" \/>\n<link rel=\"canonical\" href=\"https:\/\/test.madamefee.com\/tr\/shop\/ipekevi\/ipekevi-seidentuch\/ipekevi-rococo-seidentuch-2\/\" \/>\n<meta property=\"og:locale\" content=\"tr_TR\" \/>\n<meta property=\"og:type\" content=\"article\" \/>\n<meta property=\"og:title\" content=\"Ipekevi Rococo Seidentuch - Madame Fee\" \/>\n<meta property=\"og:description\" content=\"Beschreibung Twill Seide Tuch 100 % Seide Pflegehinweis Nicht Waschen, B\u00fcgeln \u2013 150\u00b0C,Professionelle Trockenreinigung schonender Prozess, Nicht im W\u00e4schetrockner trocknen\" \/>\n<meta property=\"og:url\" content=\"https:\/\/test.madamefee.com\/tr\/shop\/ipekevi\/ipekevi-seidentuch\/ipekevi-rococo-seidentuch-2\/\" \/>\n<meta property=\"og:site_name\" content=\"Madame Fee\" \/>\n<meta property=\"article:publisher\" content=\"https:\/\/www.facebook.com\/madamefee1\" \/>\n<meta property=\"article:modified_time\" content=\"2024-10-06T21:22:41+00:00\" \/>\n<meta property=\"og:image\" content=\"https:\/\/i0.wp.com\/test.madamefee.com\/wp-content\/uploads\/2022\/02\/ipekevi_rococo_weiss1.jpg?fit=760%2C1600&ssl=1\" \/>\n\t<meta property=\"og:image:width\" content=\"760\" \/>\n\t<meta property=\"og:image:height\" content=\"1600\" \/>\n\t<meta property=\"og:image:type\" content=\"image\/jpeg\" \/>\n<meta name=\"twitter:card\" content=\"summary_large_image\" \/>\n<meta name=\"twitter:label1\" content=\"Tahmini okuma s\u00fcresi\" \/>\n\t<meta name=\"twitter:data1\" content=\"1 dakika\" \/>\n<script type=\"application\/ld+json\" class=\"yoast-schema-graph\">{\"@context\":\"https:\\\/\\\/schema.org\",\"@graph\":[{\"@type\":\"WebPage\",\"@id\":\"https:\\\/\\\/test.madamefee.com\\\/shop\\\/ipekevi\\\/ipekevi-seidentuch\\\/ipekevi-rococo-seidentuch-2\\\/\",\"url\":\"https:\\\/\\\/test.madamefee.com\\\/shop\\\/ipekevi\\\/ipekevi-seidentuch\\\/ipekevi-rococo-seidentuch-2\\\/\",\"name\":\"Ipekevi Rococo Seidentuch - Madame Fee\",\"isPartOf\":{\"@id\":\"https:\\\/\\\/test.madamefee.com\\\/#website\"},\"primaryImageOfPage\":{\"@id\":\"https:\\\/\\\/test.madamefee.com\\\/shop\\\/ipekevi\\\/ipekevi-seidentuch\\\/ipekevi-rococo-seidentuch-2\\\/#primaryimage\"},\"image\":{\"@id\":\"https:\\\/\\\/test.madamefee.com\\\/shop\\\/ipekevi\\\/ipekevi-seidentuch\\\/ipekevi-rococo-seidentuch-2\\\/#primaryimage\"},\"thumbnailUrl\":\"https:\\\/\\\/i0.wp.com\\\/test.madamefee.com\\\/wp-content\\\/uploads\\\/2022\\\/02\\\/ipekevi_rococo_weiss1.jpg?fit=760%2C1600&ssl=1\",\"datePublished\":\"2022-02-26T10:52:22+00:00\",\"dateModified\":\"2024-10-06T21:22:41+00:00\",\"breadcrumb\":{\"@id\":\"https:\\\/\\\/test.madamefee.com\\\/shop\\\/ipekevi\\\/ipekevi-seidentuch\\\/ipekevi-rococo-seidentuch-2\\\/#breadcrumb\"},\"inLanguage\":\"tr\",\"potentialAction\":[{\"@type\":\"ReadAction\",\"target\":[\"https:\\\/\\\/test.madamefee.com\\\/shop\\\/ipekevi\\\/ipekevi-seidentuch\\\/ipekevi-rococo-seidentuch-2\\\/\"]}]},{\"@type\":\"ImageObject\",\"inLanguage\":\"tr\",\"@id\":\"https:\\\/\\\/test.madamefee.com\\\/shop\\\/ipekevi\\\/ipekevi-seidentuch\\\/ipekevi-rococo-seidentuch-2\\\/#primaryimage\",\"url\":\"https:\\\/\\\/i0.wp.com\\\/test.madamefee.com\\\/wp-content\\\/uploads\\\/2022\\\/02\\\/ipekevi_rococo_weiss1.jpg?fit=760%2C1600&ssl=1\",\"contentUrl\":\"https:\\\/\\\/i0.wp.com\\\/test.madamefee.com\\\/wp-content\\\/uploads\\\/2022\\\/02\\\/ipekevi_rococo_weiss1.jpg?fit=760%2C1600&ssl=1\",\"width\":760,\"height\":1600},{\"@type\":\"BreadcrumbList\",\"@id\":\"https:\\\/\\\/test.madamefee.com\\\/shop\\\/ipekevi\\\/ipekevi-seidentuch\\\/ipekevi-rococo-seidentuch-2\\\/#breadcrumb\",\"itemListElement\":[{\"@type\":\"ListItem\",\"position\":1,\"name\":\"Startseite\",\"item\":\"https:\\\/\\\/test.madamefee.com\\\/\"},{\"@type\":\"ListItem\",\"position\":2,\"name\":\"Shop\",\"item\":\"https:\\\/\\\/test.madamefee.com\\\/shop\\\/\"},{\"@type\":\"ListItem\",\"position\":3,\"name\":\"Ipekevi Rococo Seidentuch\"}]},{\"@type\":\"WebSite\",\"@id\":\"https:\\\/\\\/test.madamefee.com\\\/#website\",\"url\":\"https:\\\/\\\/test.madamefee.com\\\/\",\"name\":\"Madame Fee\",\"description\":\"Online Store\",\"publisher\":{\"@id\":\"https:\\\/\\\/test.madamefee.com\\\/#organization\"},\"potentialAction\":[{\"@type\":\"SearchAction\",\"target\":{\"@type\":\"EntryPoint\",\"urlTemplate\":\"https:\\\/\\\/test.madamefee.com\\\/?s={search_term_string}\"},\"query-input\":{\"@type\":\"PropertyValueSpecification\",\"valueRequired\":true,\"valueName\":\"search_term_string\"}}],\"inLanguage\":\"tr\"},{\"@type\":\"Organization\",\"@id\":\"https:\\\/\\\/test.madamefee.com\\\/#organization\",\"name\":\"Madame Fee\",\"url\":\"https:\\\/\\\/test.madamefee.com\\\/\",\"logo\":{\"@type\":\"ImageObject\",\"inLanguage\":\"tr\",\"@id\":\"https:\\\/\\\/test.madamefee.com\\\/#\\\/schema\\\/logo\\\/image\\\/\",\"url\":\"https:\\\/\\\/www.madamefee.com\\\/wp-content\\\/uploads\\\/2022\\\/03\\\/madame_fee_1_transparent.png\",\"contentUrl\":\"https:\\\/\\\/www.madamefee.com\\\/wp-content\\\/uploads\\\/2022\\\/03\\\/madame_fee_1_transparent.png\",\"width\":496,\"height\":503,\"caption\":\"Madame Fee\"},\"image\":{\"@id\":\"https:\\\/\\\/test.madamefee.com\\\/#\\\/schema\\\/logo\\\/image\\\/\"},\"sameAs\":[\"https:\\\/\\\/www.facebook.com\\\/madamefee1\",\"https:\\\/\\\/www.instagram.com\\\/madame.fee\"]}]}<\/script>\n<!-- \/ Yoast SEO plugin. -->","yoast_head_json":{"title":"Ipekevi Rococo Seidentuch - Madame Fee","robots":{"index":"index","follow":"follow","max-snippet":"max-snippet:-1","max-image-preview":"max-image-preview:large","max-video-preview":"max-video-preview:-1"},"canonical":"https:\/\/test.madamefee.com\/tr\/shop\/ipekevi\/ipekevi-seidentuch\/ipekevi-rococo-seidentuch-2\/","og_locale":"tr_TR","og_type":"article","og_title":"Ipekevi Rococo Seidentuch - Madame Fee","og_description":"Beschreibung Twill Seide Tuch 100 % Seide Pflegehinweis Nicht Waschen, B\u00fcgeln \u2013 150\u00b0C,Professionelle Trockenreinigung schonender Prozess, Nicht im W\u00e4schetrockner trocknen","og_url":"https:\/\/test.madamefee.com\/tr\/shop\/ipekevi\/ipekevi-seidentuch\/ipekevi-rococo-seidentuch-2\/","og_site_name":"Madame Fee","article_publisher":"https:\/\/www.facebook.com\/madamefee1","article_modified_time":"2024-10-06T21:22:41+00:00","og_image":[{"width":760,"height":1600,"url":"https:\/\/i0.wp.com\/test.madamefee.com\/wp-content\/uploads\/2022\/02\/ipekevi_rococo_weiss1.jpg?fit=760%2C1600&ssl=1","type":"image\/jpeg"}],"twitter_card":"summary_large_image","twitter_misc":{"Tahmini okuma s\u00fcresi":"1 dakika"},"schema":{"@context":"https:\/\/schema.org","@graph":[{"@type":"WebPage","@id":"https:\/\/test.madamefee.com\/shop\/ipekevi\/ipekevi-seidentuch\/ipekevi-rococo-seidentuch-2\/","url":"https:\/\/test.madamefee.com\/shop\/ipekevi\/ipekevi-seidentuch\/ipekevi-rococo-seidentuch-2\/","name":"Ipekevi Rococo Seidentuch - Madame Fee","isPartOf":{"@id":"https:\/\/test.madamefee.com\/#website"},"primaryImageOfPage":{"@id":"https:\/\/test.madamefee.com\/shop\/ipekevi\/ipekevi-seidentuch\/ipekevi-rococo-seidentuch-2\/#primaryimage"},"image":{"@id":"https:\/\/test.madamefee.com\/shop\/ipekevi\/ipekevi-seidentuch\/ipekevi-rococo-seidentuch-2\/#primaryimage"},"thumbnailUrl":"https:\/\/i0.wp.com\/test.madamefee.com\/wp-content\/uploads\/2022\/02\/ipekevi_rococo_weiss1.jpg?fit=760%2C1600&ssl=1","datePublished":"2022-02-26T10:52:22+00:00","dateModified":"2024-10-06T21:22:41+00:00","breadcrumb":{"@id":"https:\/\/test.madamefee.com\/shop\/ipekevi\/ipekevi-seidentuch\/ipekevi-rococo-seidentuch-2\/#breadcrumb"},"inLanguage":"tr","potentialAction":[{"@type":"ReadAction","target":["https:\/\/test.madamefee.com\/shop\/ipekevi\/ipekevi-seidentuch\/ipekevi-rococo-seidentuch-2\/"]}]},{"@type":"ImageObject","inLanguage":"tr","@id":"https:\/\/test.madamefee.com\/shop\/ipekevi\/ipekevi-seidentuch\/ipekevi-rococo-seidentuch-2\/#primaryimage","url":"https:\/\/i0.wp.com\/test.madamefee.com\/wp-content\/uploads\/2022\/02\/ipekevi_rococo_weiss1.jpg?fit=760%2C1600&ssl=1","contentUrl":"https:\/\/i0.wp.com\/test.madamefee.com\/wp-content\/uploads\/2022\/02\/ipekevi_rococo_weiss1.jpg?fit=760%2C1600&ssl=1","width":760,"height":1600},{"@type":"BreadcrumbList","@id":"https:\/\/test.madamefee.com\/shop\/ipekevi\/ipekevi-seidentuch\/ipekevi-rococo-seidentuch-2\/#breadcrumb","itemListElement":[{"@type":"ListItem","position":1,"name":"Startseite","item":"https:\/\/test.madamefee.com\/"},{"@type":"ListItem","position":2,"name":"Shop","item":"https:\/\/test.madamefee.com\/shop\/"},{"@type":"ListItem","position":3,"name":"Ipekevi Rococo Seidentuch"}]},{"@type":"WebSite","@id":"https:\/\/test.madamefee.com\/#website","url":"https:\/\/test.madamefee.com\/","name":"Madame Fee","description":"Online Store","publisher":{"@id":"https:\/\/test.madamefee.com\/#organization"},"potentialAction":[{"@type":"SearchAction","target":{"@type":"EntryPoint","urlTemplate":"https:\/\/test.madamefee.com\/?s={search_term_string}"},"query-input":{"@type":"PropertyValueSpecification","valueRequired":true,"valueName":"search_term_string"}}],"inLanguage":"tr"},{"@type":"Organization","@id":"https:\/\/test.madamefee.com\/#organization","name":"Madame Fee","url":"https:\/\/test.madamefee.com\/","logo":{"@type":"ImageObject","inLanguage":"tr","@id":"https:\/\/test.madamefee.com\/#\/schema\/logo\/image\/","url":"https:\/\/www.madamefee.com\/wp-content\/uploads\/2022\/03\/madame_fee_1_transparent.png","contentUrl":"https:\/\/www.madamefee.com\/wp-content\/uploads\/2022\/03\/madame_fee_1_transparent.png","width":496,"height":503,"caption":"Madame Fee"},"image":{"@id":"https:\/\/test.madamefee.com\/#\/schema\/logo\/image\/"},"sameAs":["https:\/\/www.facebook.com\/madamefee1","https:\/\/www.instagram.com\/madame.fee"]}]}},"jetpack_sharing_enabled":true,"_links":{"self":[{"href":"https:\/\/test.madamefee.com\/tr\/wp-json\/wp\/v2\/product\/3503","targetHints":{"allow":["GET"]}}],"collection":[{"href":"https:\/\/test.madamefee.com\/tr\/wp-json\/wp\/v2\/product"}],"about":[{"href":"https:\/\/test.madamefee.com\/tr\/wp-json\/wp\/v2\/types\/product"}],"wp:featuredmedia":[{"embeddable":true,"href":"https:\/\/test.madamefee.com\/tr\/wp-json\/wp\/v2\/media\/3462"}],"wp:attachment":[{"href":"https:\/\/test.madamefee.com\/tr\/wp-json\/wp\/v2\/media?parent=3503"}],"wp:term":[{"taxonomy":"product_brand","embeddable":true,"href":"https:\/\/test.madamefee.com\/tr\/wp-json\/wp\/v2\/product_brand?post=3503"},{"taxonomy":"product_cat","embeddable":true,"href":"https:\/\/test.madamefee.com\/tr\/wp-json\/wp\/v2\/product_cat?post=3503"},{"taxonomy":"product_tag","embeddable":true,"href":"https:\/\/test.madamefee.com\/tr\/wp-json\/wp\/v2\/product_tag?post=3503"}],"curies":[{"name":"wp","href":"https:\/\/api.w.org\/{rel}","templated":true}]}}