
{"id":3396,"date":"2022-02-26T10:14:55","date_gmt":"2022-02-26T10:14:55","guid":{"rendered":"http:\/\/www.madamefee.com\/produkt\/armanda-abendschal-5\/"},"modified":"2023-09-07T19:16:06","modified_gmt":"2023-09-07T19:16:06","slug":"armanda-abendschal-5","status":"publish","type":"product","link":"https:\/\/test.madamefee.com\/tr\/shop\/armanda\/armanda-abendschal\/armanda-abendschal-5\/","title":{"rendered":"Armanda Ta\u015fl\u0131 \u015eal"},"content":{"rendered":"","protected":false},"excerpt":{"rendered":"<p><strong>\u00d6zellikler<\/strong><br \/>\nAbendschal mit Steinen 30% Seide 70% Viskose<br \/>\n<strong>Y\u0131kama talimat\u0131<\/strong><br \/>\nHassas Kuru Temizleme<\/p>","protected":false},"featured_media":3247,"template":"","meta":[],"product_brand":[],"product_cat":[149],"product_tag":[],"class_list":{"0":"post-3396","1":"product","2":"type-product","3":"status-publish","4":"has-post-thumbnail","6":"product_cat-armanda-abendschal","8":"first","9":"instock","10":"shipping-taxable","11":"purchasable","12":"product-type-simple","13":"layout-style-2","14":"col-md-4 col-sm-4 col-xs-6","15":"col-lg-4","16":"product-has-gallery","17":"product-style-default"},"yoast_head":"<!-- This site is optimized with the Yoast SEO plugin v27.4 - https:\/\/yoast.com\/product\/yoast-seo-wordpress\/ -->\n<title>Armanda Abendschal - Madame Fee<\/title>\n<meta name=\"robots\" content=\"index, follow, max-snippet:-1, max-image-preview:large, max-video-preview:-1\" \/>\n<link rel=\"canonical\" href=\"https:\/\/test.madamefee.com\/tr\/shop\/armanda\/armanda-abendschal\/armanda-abendschal-5\/\" \/>\n<meta property=\"og:locale\" content=\"tr_TR\" \/>\n<meta property=\"og:type\" content=\"article\" \/>\n<meta property=\"og:title\" content=\"Armanda Abendschal - Madame Fee\" \/>\n<meta property=\"og:description\" content=\"Beschreibung Abendschal mit Steinen 30% Seide 70% Viskose Pflegehinweis Professionelle Trockenreinigung, schonender Prozess\" \/>\n<meta property=\"og:url\" content=\"https:\/\/test.madamefee.com\/tr\/shop\/armanda\/armanda-abendschal\/armanda-abendschal-5\/\" \/>\n<meta property=\"og:site_name\" content=\"Madame Fee\" \/>\n<meta property=\"article:publisher\" content=\"https:\/\/www.facebook.com\/madamefee1\" \/>\n<meta property=\"article:modified_time\" content=\"2023-09-07T19:16:06+00:00\" \/>\n<meta property=\"og:image\" content=\"https:\/\/i0.wp.com\/test.madamefee.com\/wp-content\/uploads\/2022\/02\/armanda_ssteine_rot_1.jpg?fit=760%2C900&ssl=1\" \/>\n\t<meta property=\"og:image:width\" content=\"760\" \/>\n\t<meta property=\"og:image:height\" content=\"900\" \/>\n\t<meta property=\"og:image:type\" content=\"image\/jpeg\" \/>\n<meta name=\"twitter:card\" content=\"summary_large_image\" \/>\n<script type=\"application\/ld+json\" class=\"yoast-schema-graph\">{\"@context\":\"https:\\\/\\\/schema.org\",\"@graph\":[{\"@type\":\"WebPage\",\"@id\":\"https:\\\/\\\/test.madamefee.com\\\/shop\\\/armanda\\\/armanda-abendschal\\\/armanda-abendschal-5\\\/\",\"url\":\"https:\\\/\\\/test.madamefee.com\\\/shop\\\/armanda\\\/armanda-abendschal\\\/armanda-abendschal-5\\\/\",\"name\":\"Armanda Abendschal - Madame Fee\",\"isPartOf\":{\"@id\":\"https:\\\/\\\/test.madamefee.com\\\/#website\"},\"primaryImageOfPage\":{\"@id\":\"https:\\\/\\\/test.madamefee.com\\\/shop\\\/armanda\\\/armanda-abendschal\\\/armanda-abendschal-5\\\/#primaryimage\"},\"image\":{\"@id\":\"https:\\\/\\\/test.madamefee.com\\\/shop\\\/armanda\\\/armanda-abendschal\\\/armanda-abendschal-5\\\/#primaryimage\"},\"thumbnailUrl\":\"https:\\\/\\\/i0.wp.com\\\/test.madamefee.com\\\/wp-content\\\/uploads\\\/2022\\\/02\\\/armanda_ssteine_rot_1.jpg?fit=760%2C900&ssl=1\",\"datePublished\":\"2022-02-26T10:14:55+00:00\",\"dateModified\":\"2023-09-07T19:16:06+00:00\",\"breadcrumb\":{\"@id\":\"https:\\\/\\\/test.madamefee.com\\\/shop\\\/armanda\\\/armanda-abendschal\\\/armanda-abendschal-5\\\/#breadcrumb\"},\"inLanguage\":\"tr\",\"potentialAction\":[{\"@type\":\"ReadAction\",\"target\":[\"https:\\\/\\\/test.madamefee.com\\\/shop\\\/armanda\\\/armanda-abendschal\\\/armanda-abendschal-5\\\/\"]}]},{\"@type\":\"ImageObject\",\"inLanguage\":\"tr\",\"@id\":\"https:\\\/\\\/test.madamefee.com\\\/shop\\\/armanda\\\/armanda-abendschal\\\/armanda-abendschal-5\\\/#primaryimage\",\"url\":\"https:\\\/\\\/i0.wp.com\\\/test.madamefee.com\\\/wp-content\\\/uploads\\\/2022\\\/02\\\/armanda_ssteine_rot_1.jpg?fit=760%2C900&ssl=1\",\"contentUrl\":\"https:\\\/\\\/i0.wp.com\\\/test.madamefee.com\\\/wp-content\\\/uploads\\\/2022\\\/02\\\/armanda_ssteine_rot_1.jpg?fit=760%2C900&ssl=1\",\"width\":760,\"height\":900},{\"@type\":\"BreadcrumbList\",\"@id\":\"https:\\\/\\\/test.madamefee.com\\\/shop\\\/armanda\\\/armanda-abendschal\\\/armanda-abendschal-5\\\/#breadcrumb\",\"itemListElement\":[{\"@type\":\"ListItem\",\"position\":1,\"name\":\"Startseite\",\"item\":\"https:\\\/\\\/test.madamefee.com\\\/\"},{\"@type\":\"ListItem\",\"position\":2,\"name\":\"Shop\",\"item\":\"https:\\\/\\\/test.madamefee.com\\\/shop\\\/\"},{\"@type\":\"ListItem\",\"position\":3,\"name\":\"Armanda Abendschal\"}]},{\"@type\":\"WebSite\",\"@id\":\"https:\\\/\\\/test.madamefee.com\\\/#website\",\"url\":\"https:\\\/\\\/test.madamefee.com\\\/\",\"name\":\"Madame Fee\",\"description\":\"Online Store\",\"publisher\":{\"@id\":\"https:\\\/\\\/test.madamefee.com\\\/#organization\"},\"potentialAction\":[{\"@type\":\"SearchAction\",\"target\":{\"@type\":\"EntryPoint\",\"urlTemplate\":\"https:\\\/\\\/test.madamefee.com\\\/?s={search_term_string}\"},\"query-input\":{\"@type\":\"PropertyValueSpecification\",\"valueRequired\":true,\"valueName\":\"search_term_string\"}}],\"inLanguage\":\"tr\"},{\"@type\":\"Organization\",\"@id\":\"https:\\\/\\\/test.madamefee.com\\\/#organization\",\"name\":\"Madame Fee\",\"url\":\"https:\\\/\\\/test.madamefee.com\\\/\",\"logo\":{\"@type\":\"ImageObject\",\"inLanguage\":\"tr\",\"@id\":\"https:\\\/\\\/test.madamefee.com\\\/#\\\/schema\\\/logo\\\/image\\\/\",\"url\":\"https:\\\/\\\/www.madamefee.com\\\/wp-content\\\/uploads\\\/2022\\\/03\\\/madame_fee_1_transparent.png\",\"contentUrl\":\"https:\\\/\\\/www.madamefee.com\\\/wp-content\\\/uploads\\\/2022\\\/03\\\/madame_fee_1_transparent.png\",\"width\":496,\"height\":503,\"caption\":\"Madame Fee\"},\"image\":{\"@id\":\"https:\\\/\\\/test.madamefee.com\\\/#\\\/schema\\\/logo\\\/image\\\/\"},\"sameAs\":[\"https:\\\/\\\/www.facebook.com\\\/madamefee1\",\"https:\\\/\\\/www.instagram.com\\\/madame.fee\"]}]}<\/script>\n<!-- \/ Yoast SEO plugin. -->","yoast_head_json":{"title":"Armanda Abendschal - Madame Fee","robots":{"index":"index","follow":"follow","max-snippet":"max-snippet:-1","max-image-preview":"max-image-preview:large","max-video-preview":"max-video-preview:-1"},"canonical":"https:\/\/test.madamefee.com\/tr\/shop\/armanda\/armanda-abendschal\/armanda-abendschal-5\/","og_locale":"tr_TR","og_type":"article","og_title":"Armanda Abendschal - Madame Fee","og_description":"Beschreibung Abendschal mit Steinen 30% Seide 70% Viskose Pflegehinweis Professionelle Trockenreinigung, schonender Prozess","og_url":"https:\/\/test.madamefee.com\/tr\/shop\/armanda\/armanda-abendschal\/armanda-abendschal-5\/","og_site_name":"Madame Fee","article_publisher":"https:\/\/www.facebook.com\/madamefee1","article_modified_time":"2023-09-07T19:16:06+00:00","og_image":[{"width":760,"height":900,"url":"https:\/\/i0.wp.com\/test.madamefee.com\/wp-content\/uploads\/2022\/02\/armanda_ssteine_rot_1.jpg?fit=760%2C900&ssl=1","type":"image\/jpeg"}],"twitter_card":"summary_large_image","schema":{"@context":"https:\/\/schema.org","@graph":[{"@type":"WebPage","@id":"https:\/\/test.madamefee.com\/shop\/armanda\/armanda-abendschal\/armanda-abendschal-5\/","url":"https:\/\/test.madamefee.com\/shop\/armanda\/armanda-abendschal\/armanda-abendschal-5\/","name":"Armanda Abendschal - Madame Fee","isPartOf":{"@id":"https:\/\/test.madamefee.com\/#website"},"primaryImageOfPage":{"@id":"https:\/\/test.madamefee.com\/shop\/armanda\/armanda-abendschal\/armanda-abendschal-5\/#primaryimage"},"image":{"@id":"https:\/\/test.madamefee.com\/shop\/armanda\/armanda-abendschal\/armanda-abendschal-5\/#primaryimage"},"thumbnailUrl":"https:\/\/i0.wp.com\/test.madamefee.com\/wp-content\/uploads\/2022\/02\/armanda_ssteine_rot_1.jpg?fit=760%2C900&ssl=1","datePublished":"2022-02-26T10:14:55+00:00","dateModified":"2023-09-07T19:16:06+00:00","breadcrumb":{"@id":"https:\/\/test.madamefee.com\/shop\/armanda\/armanda-abendschal\/armanda-abendschal-5\/#breadcrumb"},"inLanguage":"tr","potentialAction":[{"@type":"ReadAction","target":["https:\/\/test.madamefee.com\/shop\/armanda\/armanda-abendschal\/armanda-abendschal-5\/"]}]},{"@type":"ImageObject","inLanguage":"tr","@id":"https:\/\/test.madamefee.com\/shop\/armanda\/armanda-abendschal\/armanda-abendschal-5\/#primaryimage","url":"https:\/\/i0.wp.com\/test.madamefee.com\/wp-content\/uploads\/2022\/02\/armanda_ssteine_rot_1.jpg?fit=760%2C900&ssl=1","contentUrl":"https:\/\/i0.wp.com\/test.madamefee.com\/wp-content\/uploads\/2022\/02\/armanda_ssteine_rot_1.jpg?fit=760%2C900&ssl=1","width":760,"height":900},{"@type":"BreadcrumbList","@id":"https:\/\/test.madamefee.com\/shop\/armanda\/armanda-abendschal\/armanda-abendschal-5\/#breadcrumb","itemListElement":[{"@type":"ListItem","position":1,"name":"Startseite","item":"https:\/\/test.madamefee.com\/"},{"@type":"ListItem","position":2,"name":"Shop","item":"https:\/\/test.madamefee.com\/shop\/"},{"@type":"ListItem","position":3,"name":"Armanda Abendschal"}]},{"@type":"WebSite","@id":"https:\/\/test.madamefee.com\/#website","url":"https:\/\/test.madamefee.com\/","name":"Madame Fee","description":"Online Store","publisher":{"@id":"https:\/\/test.madamefee.com\/#organization"},"potentialAction":[{"@type":"SearchAction","target":{"@type":"EntryPoint","urlTemplate":"https:\/\/test.madamefee.com\/?s={search_term_string}"},"query-input":{"@type":"PropertyValueSpecification","valueRequired":true,"valueName":"search_term_string"}}],"inLanguage":"tr"},{"@type":"Organization","@id":"https:\/\/test.madamefee.com\/#organization","name":"Madame Fee","url":"https:\/\/test.madamefee.com\/","logo":{"@type":"ImageObject","inLanguage":"tr","@id":"https:\/\/test.madamefee.com\/#\/schema\/logo\/image\/","url":"https:\/\/www.madamefee.com\/wp-content\/uploads\/2022\/03\/madame_fee_1_transparent.png","contentUrl":"https:\/\/www.madamefee.com\/wp-content\/uploads\/2022\/03\/madame_fee_1_transparent.png","width":496,"height":503,"caption":"Madame Fee"},"image":{"@id":"https:\/\/test.madamefee.com\/#\/schema\/logo\/image\/"},"sameAs":["https:\/\/www.facebook.com\/madamefee1","https:\/\/www.instagram.com\/madame.fee"]}]}},"jetpack_sharing_enabled":true,"_links":{"self":[{"href":"https:\/\/test.madamefee.com\/tr\/wp-json\/wp\/v2\/product\/3396","targetHints":{"allow":["GET"]}}],"collection":[{"href":"https:\/\/test.madamefee.com\/tr\/wp-json\/wp\/v2\/product"}],"about":[{"href":"https:\/\/test.madamefee.com\/tr\/wp-json\/wp\/v2\/types\/product"}],"wp:featuredmedia":[{"embeddable":true,"href":"https:\/\/test.madamefee.com\/tr\/wp-json\/wp\/v2\/media\/3247"}],"wp:attachment":[{"href":"https:\/\/test.madamefee.com\/tr\/wp-json\/wp\/v2\/media?parent=3396"}],"wp:term":[{"taxonomy":"product_brand","embeddable":true,"href":"https:\/\/test.madamefee.com\/tr\/wp-json\/wp\/v2\/product_brand?post=3396"},{"taxonomy":"product_cat","embeddable":true,"href":"https:\/\/test.madamefee.com\/tr\/wp-json\/wp\/v2\/product_cat?post=3396"},{"taxonomy":"product_tag","embeddable":true,"href":"https:\/\/test.madamefee.com\/tr\/wp-json\/wp\/v2\/product_tag?post=3396"}],"curies":[{"name":"wp","href":"https:\/\/api.w.org\/{rel}","templated":true}]}}