
{"id":2633,"date":"2021-11-25T21:03:50","date_gmt":"2021-11-25T21:03:50","guid":{"rendered":"http:\/\/www.madamefee.com\/bezahlmoeglichkeiten\/"},"modified":"2021-11-25T21:03:50","modified_gmt":"2021-11-25T21:03:50","slug":"bezahlmoeglichkeiten","status":"publish","type":"page","link":"https:\/\/test.madamefee.com\/tr\/bezahlmoeglichkeiten\/","title":{"rendered":"Zahlungsarten"},"content":{"rendered":"<div class=\"woocommerce woocommerce-gzd\">\n\t<ul class=\"payment_methods methods\">\n\t\t\t\t\t<li class=\"payment_method_woocommerce_payments\">\n\t\t\t\t<label>Card<img decoding=\"async\" src=\"https:\/\/test.madamefee.com\/wp-content\/plugins\/woocommerce-payments\/assets\/images\/payment-methods\/generic-card.svg\" alt=\"Card\" \/><\/label>\n\t\t\t\t\t\t\t\t\t<div class=\"payment_box payment_method_woocommerce_payments\">\n\t\t\t\t\t\t<p><\/p>\n\t\t\t\t\t<\/div>\n\t\t\t\t\t\t\t<\/li>\n\t\t\t\t\t<li class=\"payment_method_woocommerce_payments_apple_pay\">\n\t\t\t\t<label>Apple Pay<img decoding=\"async\" src=\"https:\/\/test.madamefee.com\/wp-content\/plugins\/woocommerce-payments\/assets\/images\/cards\/apple-pay.svg\" alt=\"Apple Pay\" \/><\/label>\n\t\t\t\t\t\t\t\t\t<div class=\"payment_box payment_method_woocommerce_payments_apple_pay\">\n\t\t\t\t\t\t<p><\/p>\n\t\t\t\t\t<\/div>\n\t\t\t\t\t\t\t<\/li>\n\t\t\t\t\t<li class=\"payment_method_woocommerce_payments_google_pay\">\n\t\t\t\t<label>Google Pay<img decoding=\"async\" src=\"https:\/\/test.madamefee.com\/wp-content\/plugins\/woocommerce-payments\/assets\/images\/cards\/google-pay.svg\" alt=\"Google Pay\" \/><\/label>\n\t\t\t\t\t\t\t\t\t<div class=\"payment_box payment_method_woocommerce_payments_google_pay\">\n\t\t\t\t\t\t<p><\/p>\n\t\t\t\t\t<\/div>\n\t\t\t\t\t\t\t<\/li>\n\t\t\t\t\t<li class=\"payment_method_cop\">\n\t\t\t\t<label>Click &amp; Collect (Abholung)<\/label>\n\t\t\t\t\t\t\t\t\t<div class=\"payment_box payment_method_cop\">\n\t\t\t\t\t\t<p>\u00d6demeyi gelince yap. Adres: G\u00f6delgasse 4\/62, 1100 Viyana.<\/p>\n\t\t\t\t\t<\/div>\n\t\t\t\t\t\t\t<\/li>\n\t\t\t\t\t<li class=\"payment_method_klarna_payments\">\n\t\t\t\t<label>Klarna<img decoding=\"async\" src=\"https:\/\/test.madamefee.com\/wp-content\/plugins\/klarna-payments-for-woocommerce\/assets\/img\/klarna-logo.svg\" alt=\"Klarna\" style=\"max-width:39px\" \/><\/label>\n\t\t\t\t\t\t\t\t\t<div class=\"payment_box payment_method_klarna_payments\">\n\t\t\t\t\t\t<p><\/p>\n\t\t\t\t\t<\/div>\n\t\t\t\t\t\t\t<\/li>\n\t\t\t\t\t<li class=\"payment_method_ppcp-gateway\">\n\t\t\t\t<label>PayPal<\/label>\n\t\t\t\t\t\t\t\t\t<div class=\"payment_box payment_method_ppcp-gateway\">\n\t\t\t\t\t\t<p>Bezahlen via PayPal<\/p>\n\t\t\t\t\t<\/div>\n\t\t\t\t\t\t\t<\/li>\n\t\t\t\t\t<li class=\"payment_method_bacs\">\n\t\t\t\t<label>Pe\u015fin \u00f6deme<\/label>\n\t\t\t\t\t\t\t\t\t<div class=\"payment_box payment_method_bacs\">\n\t\t\t\t\t\t<p>\u00d6demeyi banka hesab\u0131na yat\u0131r\u0131n. Sipari\u015f numaras\u0131n\u0131 kullan\u0131m k\u0131sm\u0131na yaz\u0131n. Paketiniz \u00f6deme gercekle\u015fince kargoya verilecektir.<\/p>\n\t\t\t\t\t<\/div>\n\t\t\t\t\t\t\t<\/li>\n\t\t\t<\/ul>\n<\/div>","protected":false},"excerpt":{"rendered":"Card Apple Pay Google Pay Click &amp; Collect (Abholung) Bezahlung bei Abholung. Abholadresse: G\u00f6delgasse 4\/62, 1100 Wien. Bitte um kurze Kontaktaufnahme bzgl. Abholtermin. Klarna PayPal Bezahlen via PayPal Vorkasse \u00dcberweise&hellip;","protected":false},"author":1,"featured_media":0,"parent":0,"menu_order":0,"comment_status":"closed","ping_status":"closed","template":"","meta":{"footnotes":""},"class_list":["post-2633","page","type-page","status-publish","hentry"],"yoast_head":"<!-- This site is optimized with the Yoast SEO plugin v27.4 - https:\/\/yoast.com\/product\/yoast-seo-wordpress\/ -->\n<title>Zahlungsarten - Madame Fee<\/title>\n<meta name=\"robots\" content=\"index, follow, max-snippet:-1, max-image-preview:large, max-video-preview:-1\" \/>\n<link rel=\"canonical\" href=\"https:\/\/test.madamefee.com\/tr\/bezahlmoeglichkeiten\/\" \/>\n<meta property=\"og:locale\" content=\"tr_TR\" \/>\n<meta property=\"og:type\" content=\"article\" \/>\n<meta property=\"og:title\" content=\"Zahlungsarten - Madame Fee\" \/>\n<meta property=\"og:url\" content=\"https:\/\/test.madamefee.com\/tr\/bezahlmoeglichkeiten\/\" \/>\n<meta property=\"og:site_name\" content=\"Madame Fee\" \/>\n<meta property=\"article:publisher\" content=\"https:\/\/www.facebook.com\/madamefee1\" \/>\n<meta name=\"twitter:card\" content=\"summary_large_image\" \/>\n<script type=\"application\/ld+json\" class=\"yoast-schema-graph\">{\"@context\":\"https:\\\/\\\/schema.org\",\"@graph\":[{\"@type\":\"WebPage\",\"@id\":\"https:\\\/\\\/test.madamefee.com\\\/bezahlmoeglichkeiten\\\/\",\"url\":\"https:\\\/\\\/test.madamefee.com\\\/bezahlmoeglichkeiten\\\/\",\"name\":\"Zahlungsarten - Madame Fee\",\"isPartOf\":{\"@id\":\"https:\\\/\\\/test.madamefee.com\\\/#website\"},\"datePublished\":\"2021-11-25T21:03:50+00:00\",\"breadcrumb\":{\"@id\":\"https:\\\/\\\/test.madamefee.com\\\/bezahlmoeglichkeiten\\\/#breadcrumb\"},\"inLanguage\":\"tr\",\"potentialAction\":[{\"@type\":\"ReadAction\",\"target\":[\"https:\\\/\\\/test.madamefee.com\\\/bezahlmoeglichkeiten\\\/\"]}]},{\"@type\":\"BreadcrumbList\",\"@id\":\"https:\\\/\\\/test.madamefee.com\\\/bezahlmoeglichkeiten\\\/#breadcrumb\",\"itemListElement\":[{\"@type\":\"ListItem\",\"position\":1,\"name\":\"Startseite\",\"item\":\"https:\\\/\\\/test.madamefee.com\\\/\"},{\"@type\":\"ListItem\",\"position\":2,\"name\":\"Zahlungsarten\"}]},{\"@type\":\"WebSite\",\"@id\":\"https:\\\/\\\/test.madamefee.com\\\/#website\",\"url\":\"https:\\\/\\\/test.madamefee.com\\\/\",\"name\":\"Madame Fee\",\"description\":\"Online Store\",\"publisher\":{\"@id\":\"https:\\\/\\\/test.madamefee.com\\\/#organization\"},\"potentialAction\":[{\"@type\":\"SearchAction\",\"target\":{\"@type\":\"EntryPoint\",\"urlTemplate\":\"https:\\\/\\\/test.madamefee.com\\\/?s={search_term_string}\"},\"query-input\":{\"@type\":\"PropertyValueSpecification\",\"valueRequired\":true,\"valueName\":\"search_term_string\"}}],\"inLanguage\":\"tr\"},{\"@type\":\"Organization\",\"@id\":\"https:\\\/\\\/test.madamefee.com\\\/#organization\",\"name\":\"Madame Fee\",\"url\":\"https:\\\/\\\/test.madamefee.com\\\/\",\"logo\":{\"@type\":\"ImageObject\",\"inLanguage\":\"tr\",\"@id\":\"https:\\\/\\\/test.madamefee.com\\\/#\\\/schema\\\/logo\\\/image\\\/\",\"url\":\"https:\\\/\\\/www.madamefee.com\\\/wp-content\\\/uploads\\\/2022\\\/03\\\/madame_fee_1_transparent.png\",\"contentUrl\":\"https:\\\/\\\/www.madamefee.com\\\/wp-content\\\/uploads\\\/2022\\\/03\\\/madame_fee_1_transparent.png\",\"width\":496,\"height\":503,\"caption\":\"Madame Fee\"},\"image\":{\"@id\":\"https:\\\/\\\/test.madamefee.com\\\/#\\\/schema\\\/logo\\\/image\\\/\"},\"sameAs\":[\"https:\\\/\\\/www.facebook.com\\\/madamefee1\",\"https:\\\/\\\/www.instagram.com\\\/madame.fee\"]}]}<\/script>\n<!-- \/ Yoast SEO plugin. -->","yoast_head_json":{"title":"Zahlungsarten - Madame Fee","robots":{"index":"index","follow":"follow","max-snippet":"max-snippet:-1","max-image-preview":"max-image-preview:large","max-video-preview":"max-video-preview:-1"},"canonical":"https:\/\/test.madamefee.com\/tr\/bezahlmoeglichkeiten\/","og_locale":"tr_TR","og_type":"article","og_title":"Zahlungsarten - Madame Fee","og_url":"https:\/\/test.madamefee.com\/tr\/bezahlmoeglichkeiten\/","og_site_name":"Madame Fee","article_publisher":"https:\/\/www.facebook.com\/madamefee1","twitter_card":"summary_large_image","schema":{"@context":"https:\/\/schema.org","@graph":[{"@type":"WebPage","@id":"https:\/\/test.madamefee.com\/bezahlmoeglichkeiten\/","url":"https:\/\/test.madamefee.com\/bezahlmoeglichkeiten\/","name":"Zahlungsarten - Madame Fee","isPartOf":{"@id":"https:\/\/test.madamefee.com\/#website"},"datePublished":"2021-11-25T21:03:50+00:00","breadcrumb":{"@id":"https:\/\/test.madamefee.com\/bezahlmoeglichkeiten\/#breadcrumb"},"inLanguage":"tr","potentialAction":[{"@type":"ReadAction","target":["https:\/\/test.madamefee.com\/bezahlmoeglichkeiten\/"]}]},{"@type":"BreadcrumbList","@id":"https:\/\/test.madamefee.com\/bezahlmoeglichkeiten\/#breadcrumb","itemListElement":[{"@type":"ListItem","position":1,"name":"Startseite","item":"https:\/\/test.madamefee.com\/"},{"@type":"ListItem","position":2,"name":"Zahlungsarten"}]},{"@type":"WebSite","@id":"https:\/\/test.madamefee.com\/#website","url":"https:\/\/test.madamefee.com\/","name":"Madame Fee","description":"Online Store","publisher":{"@id":"https:\/\/test.madamefee.com\/#organization"},"potentialAction":[{"@type":"SearchAction","target":{"@type":"EntryPoint","urlTemplate":"https:\/\/test.madamefee.com\/?s={search_term_string}"},"query-input":{"@type":"PropertyValueSpecification","valueRequired":true,"valueName":"search_term_string"}}],"inLanguage":"tr"},{"@type":"Organization","@id":"https:\/\/test.madamefee.com\/#organization","name":"Madame Fee","url":"https:\/\/test.madamefee.com\/","logo":{"@type":"ImageObject","inLanguage":"tr","@id":"https:\/\/test.madamefee.com\/#\/schema\/logo\/image\/","url":"https:\/\/www.madamefee.com\/wp-content\/uploads\/2022\/03\/madame_fee_1_transparent.png","contentUrl":"https:\/\/www.madamefee.com\/wp-content\/uploads\/2022\/03\/madame_fee_1_transparent.png","width":496,"height":503,"caption":"Madame Fee"},"image":{"@id":"https:\/\/test.madamefee.com\/#\/schema\/logo\/image\/"},"sameAs":["https:\/\/www.facebook.com\/madamefee1","https:\/\/www.instagram.com\/madame.fee"]}]}},"jetpack_sharing_enabled":true,"_links":{"self":[{"href":"https:\/\/test.madamefee.com\/tr\/wp-json\/wp\/v2\/pages\/2633","targetHints":{"allow":["GET"]}}],"collection":[{"href":"https:\/\/test.madamefee.com\/tr\/wp-json\/wp\/v2\/pages"}],"about":[{"href":"https:\/\/test.madamefee.com\/tr\/wp-json\/wp\/v2\/types\/page"}],"author":[{"embeddable":true,"href":"https:\/\/test.madamefee.com\/tr\/wp-json\/wp\/v2\/users\/1"}],"replies":[{"embeddable":true,"href":"https:\/\/test.madamefee.com\/tr\/wp-json\/wp\/v2\/comments?post=2633"}],"version-history":[{"count":0,"href":"https:\/\/test.madamefee.com\/tr\/wp-json\/wp\/v2\/pages\/2633\/revisions"}],"wp:attachment":[{"href":"https:\/\/test.madamefee.com\/tr\/wp-json\/wp\/v2\/media?parent=2633"}],"curies":[{"name":"wp","href":"https:\/\/api.w.org\/{rel}","templated":true}]}}