
{"id":2630,"date":"2021-11-25T21:03:50","date_gmt":"2021-11-25T21:03:50","guid":{"rendered":"http:\/\/www.madamefee.com\/agb\/"},"modified":"2022-02-26T16:21:00","modified_gmt":"2022-02-26T16:21:00","slug":"agb","status":"publish","type":"page","link":"https:\/\/test.madamefee.com\/tr\/agb\/","title":{"rendered":"AGB"},"content":{"rendered":"<ol class=\"wp-block-list\"><li><strong>Geltungsbereich und Anbieter<\/strong><\/li><\/ol>\n\n\n\n<p>(1) Diese Allgemeinen Gesch\u00e4ftsbedingungen gelten f\u00fcr alle Bestellungen, die Sie bei dem Onlineshop der<\/p>\n\n\n\n<p><strong>Madame Fee<br>Feden Ekinci e.U.<br>Telefon: +43 (0) 699 18 109 971<br>E-Mail: online@madamefee.com<\/strong><\/p>\n\n\n\n<p>t\u00e4tigen.<\/p>\n\n\n\n<p>(2) Das Warenangebot in unserem Onlineshop richtet sich ausschlie\u00dflich an K\u00e4ufer, die das 18. Lebensjahr vollendet haben.<\/p>\n\n\n\n<p>(3) Unsere Lieferungen, Leistungen und Angebote erfolgen ausschlie\u00dflich auf der Grundlage dieser Allgemeinen Gesch\u00e4ftsbedingungen.<\/p>\n\n\n\n<p>(4) Sie k\u00f6nnen die derzeit g\u00fcltigen Allgemeinen Gesch\u00e4ftsbedingungen auf der Website abrufen und ausdrucken.<\/p>\n\n\n\n<ol class=\"wp-block-list\" start=\"2\"><li><strong>Vertragsschluss<\/strong><\/li><\/ol>\n\n\n\n<p>(1) Die Warenpr\u00e4sentation im Onlineshop stellt keinen verbindlichen Antrag auf den Abschluss eines Kaufvertrages dar. Es handelt sich um eine unverbindliche Aufforderung, im Onlineshop Waren zu bestellen.<\/p>\n\n\n\n<p>(2) Durch die Bestellung geben Sie ein verbindliches Kaufangebot ab.<\/p>\n\n\n\n<p>(3) Nach Eingang des Kaufangebots erhalten Sie eine automatisch erzeugte EMail, mit der wir best\u00e4tigen, dass wir Ihre Bestellung erhalten haben (Eingangsbest\u00e4tigung). Diese Eingangsbest\u00e4tigung stellt noch keine Annahme Ihres Kaufangebots dar. Ein Vertrag kommt durch die Eingangsbest\u00e4tigung noch nicht zustande.<\/p>\n\n\n\n<p>(4) Ein Kaufvertrag \u00fcber die Ware kommt erst zustande, wenn wir ausdr\u00fccklich die Annahme des Kaufangebots erkl\u00e4ren oder wenn wir die Ware \u2013 ohne vorherige ausdr\u00fcckliche Annahmeerkl\u00e4rung \u2013 an Sie versenden.<\/p>\n\n\n\n<ol class=\"wp-block-list\" start=\"3\"><li><strong>Preise<\/strong><\/li><\/ol>\n\n\n\n<p>(1) Die auf den Produktseiten genannten Preise enthalten die gesetzliche Mehrwertsteuer und sonstige Preisbestandteile und verstehen sich zzgl. der jeweiligen Versandkosten.<\/p>\n\n\n\n<ol class=\"wp-block-list\" start=\"4\"><li><strong>Zahlungsbedingungen; Verzug<\/strong><\/li><\/ol>\n\n\n\n<p>(1) Die Zahlung erfolgt wahlweise:<\/p>\n\n\n\n<p>Rechnung per Vorkasse,<br>Nachnahme,<br>Paypal,<br>Kreditkarte,<br>Abholung<\/p>\n\n\n\n<p>(2) Bei Auswahl der Zahlungsart Vorkasse nennen wir Ihnen unsere Bankverbindung in der Auftragsbest\u00e4tigung. Der Rechnungsbetrag ist innerhalb von 10 Tagen nach Erhalt der Auftragsbest\u00e4tigung auf unser Konto zu \u00fcberweisen.<\/p>\n\n\n\n<p>(3) Bei Zahlung per Lastschrift haben Sie ggf. jene Kosten zu tragen, die infolge einer R\u00fcckbuchung einer Zahlungstransaktion mangels Kontodeckung oder aufgrund von Ihnen falsch \u00fcbermittelter Daten der Bankverbindung entstehen.<\/p>\n\n\n\n<p>(4) Geraten Sie mit einer Zahlung in Verzug, so gilt ein gesetzlicher Verzugszinssatz von 4% pro Jahr. F\u00fcr Gesch\u00e4fte zwischen Unternehmern (bzw. Unternehmern und juristischen Personen des \u00f6ffentlichen Rechts, wie Bund, L\u00e4nder, Gemeinden) gilt aufgrund des Zahlungsverzugsgesetzes nunmehr ein gesetzlicher Verzugszinssatz von 9,2 Prozentpunkten \u00fcber dem Basiszinssatz.<br>F\u00fcr jedes Mahnschreiben, das nach Eintritt des Verzugs an Sie versandt wird, wird Ihnen mindestens eine Mahngeb\u00fchr in H\u00f6he von 5 EUR berechnet.<\/p>\n\n\n\n<ol class=\"wp-block-list\" start=\"5\"><li><strong>Lieferung; Eigentumsvorbehalt<\/strong><\/li><\/ol>\n\n\n\n<p>(1) Sofern nicht anders vereinbart, erfolgt die Lieferung der Ware an die von Ihnen angegebene Adresse.<\/p>\n\n\n\n<p>(2) Die Ware bleibt bis zur vollst\u00e4ndigen Zahlung des Kaufpreises unser Eigentum.<\/p>\n\n\n\n<ol class=\"wp-block-list\" start=\"6\"><li><strong>Transportsch\u00e4den<\/strong><\/li><\/ol>\n\n\n\n<p>(1) Werden Waren mit offensichtlichen Transportsch\u00e4den angeliefert, so reklamieren Sie solche Fehler bitte sofort bei dem Zusteller und nehmen Sie bitte schnellstm\u00f6glich Kontakt zu uns auf.<\/p>\n\n\n\n<ol class=\"wp-block-list\" start=\"7\"><li><strong>Gew\u00e4hrleistung<\/strong><\/li><\/ol>\n\n\n\n<p>(1) Bei Feststellung von M\u00e4ngel an den gelieferten Produkten, gelten die gesetzlichen Vorschriften.<\/p>\n\n\n\n<p>(2) Gew\u00e4hrleistungsanspr\u00fcche des Kunden erf\u00fcllen wir bei Vorliegen eines behebbaren Mangels entweder durch Austausch, Reparatur innerhalb angemessener Frist oder Preisminderung.<\/p>\n\n\n\n<p>(3) Verpflichtend f\u00fcr den Kunden gilt, dass die gelieferte Ware bei Entgegennahme auf M\u00e4ngel zu \u00fcberpr\u00fcfen ist, und bei Feststellung von Diesen unverz\u00fcglich den Shop zu informieren hat. Sollte der Kunde zu einem sp\u00e4teren Zeitpunkt M\u00e4ngel an der gelieferten Ware entdecken, so ist bzw. sind diese M\u00e4ngel ebenfalls unverz\u00fcglich dem Shop zu melden. Erfolgt keine Meldung, so gilt die Ware seitens Kunden als akzeptiert.<\/p>\n\n\n\n<p>(4) F\u00fcr nicht sachgem\u00e4\u00dfe Behandlung an der gelieferten Ware, die durch den Kunden verursacht wird, ist der Shop nicht haftbar.<\/p>\n\n\n\n<p>(5) Im Falle eines Eingriffs oder Reparaturversuchs seitens Kunden, verf\u00e4llt die Garantie oder Gew\u00e4hrleistung.<\/p>\n\n\n\n<ol class=\"wp-block-list\" start=\"8\"><li><strong>Haftungsbeschr\u00e4nkung<\/strong><\/li><\/ol>\n\n\n\n<p>Soweit sich nachstehend nichts anderes ergibt, sind weitergehende Anspr\u00fcche des Kunden, gleich aus welchen Rechtsgr\u00fcnden, ausgeschlossen. Der Onlineshop haftet deshalb nicht f\u00fcr Sch\u00e4den, die nicht am Liefergegenstand selbst entstanden sind; insbesondere haftet Onlineshop nicht f\u00fcr den entgangenen Gewinn oder sonstige Verm\u00f6genssch\u00e4den des Kunden. Soweit die vertragliche Haftung vom Onlineshop ausgeschlossen oder beschr\u00e4nkt ist, gilt dies auch f\u00fcr die pers\u00f6nliche Haftung von Arbeitnehmern, Vertretern und Erf\u00fcllungsgehilfen.<\/p>\n\n\n\n<p>Vorstehende Haftungsbeschr\u00e4nkung gilt nicht, soweit die Schadensursache auf Vorsatz oder grober Fahrl\u00e4ssigkeit beruht oder ein Personenschaden vorliegt. Sie gilt ferner dann nicht, wenn der Besteller gesetzlich geregelte Anspr\u00fcche geltend macht.<\/p>\n\n\n\n<p>Die Bestimmungen des Produkthaftungsgesetzes bleiben hiervon unber\u00fchrt. Sofern der Shop fahrl\u00e4ssig eine vertragswesentliche Pflicht verletzt, ist die Ersatzpflicht f\u00fcr Sachsch\u00e4den auf den typischerweise entstehenden Schaden beschr\u00e4nkt.<\/p>\n\n\n\n<p>Ist die Nacherf\u00fcllung im Wege der Ersatzlieferung erfolgt, ist der Besteller dazu verpflichtet, die zuerst gelieferte Ware innerhalb von 30 Tagen an den Onlineshop auf Kosten desselben zur\u00fcckzusenden.<br>Die R\u00fccksendung der mangelhaften Ware hat nach den gesetzlichen Vorschriften zu erfolgen. Der Onlineshop beh\u00e4lt sich vor, unter den gesetzlich geregelten Voraussetzungen Schadensersatz geltend zu machen. Die Verj\u00e4hrungsfrist betr\u00e4gt zwei Jahre. Fristbeginn erfolgt mit Lieferung der Sache.<\/p>\n\n\n\n<ol class=\"wp-block-list\" start=\"9\"><li><strong>Veri Koruma<\/strong><\/li><\/ol>\n\n\n\n<p>Der Kunde ist damit einverstanden, dass seine, dem Onlineshop im Rahmen der Gesch\u00e4ftsbeziehung zugehenden pers\u00f6nlichen Daten, elektronisch gespeichert und verarbeitet werden. Es wird darauf hingewiesen, dass im Sinne dieser Bestimmung ermittelte Daten ausschlie\u00dflich f\u00fcr Zwecke der Leistungserbringung, insbesondere zum Zweck der Auftragsabwicklung und der Buchhaltung erhoben und verarbeitet werden. Der Onlineshop gibt Kunden-Daten nicht an Dritte weiter.<\/p>\n\n\n\n<ol class=\"wp-block-list\" start=\"10\"><li><strong>Copyright<\/strong><\/li><\/ol>\n\n\n\n<p>Alle dargestellten Fremdlogos, Bilder und Grafiken sind Eigentum der entsprechenden Firmen und unterliegen dem Copyright der entsprechenden Lizenzgeber. S\u00e4mtliche auf diesen Seiten dargestellten Fotos, Logos, Texte, Berichte, Skripte und Programmierroutinen, welche Eigenentwicklungen von uns sind oder von uns aufbereitet wurden, d\u00fcrfen nicht ohne unser Einverst\u00e4ndnis kopiert oder anderweitig genutzt werden. Alle Rechte vorbehalten.<\/p>\n\n\n\n<ol class=\"wp-block-list\" start=\"11\"><li><strong>Gerichtsstand<\/strong><\/li><\/ol>\n\n\n\n<p>(1) Gerichtsstand ist, soweit das Gesetz nichts anders vorsieht, der Gesch\u00e4ftssitz des Onlineshops.<br>(2) F\u00fcr alle Streitigkeiten, die sich m\u00f6glicherweise aus diesem rechtlichen Verh\u00e4ltnis ergeben, ist \u00f6sterreichisches Recht unter Ausschluss der Kollisionsnormen anzuwenden. Die Anwendung von UN-Kaufrecht wird ausgeschlossen.<\/p>\n\n\n\n<ol class=\"wp-block-list\" start=\"12\"><li><strong>G\u00fcltigkeit der AGB<\/strong><\/li><\/ol>\n\n\n\n<p>Mit einer Bestellung erkennt der Kunde die Allgemeinen Gesch\u00e4ftsbedingungen des Onlineshops an. Sollte eine Bestimmung dieser Allgemeinen Gesch\u00e4ftsbedingungen, aus welchem Grund auch immer, nichtig sein, bleibt die Geltung der \u00fcbrigen Bestimmungen hiervon unber\u00fchrt. M\u00fcndliche Absprachen bed\u00fcrfen zu ihrer Wirksamkeit der schriftlichen Best\u00e4tigung.<\/p>\n\n\n\n<ol class=\"wp-block-list\" start=\"13\"><li><strong>Rechtswahl, Gerichtsstand<\/strong><\/li><\/ol>\n\n\n\n<p>Es gilt \u00f6sterreichisches Recht. Die Anwendbarkeit des UN-Kaufrechtes wird ausdr\u00fccklich ausgeschlossen. Die Vertragssprache ist deutsch.<\/p>","protected":false},"excerpt":{"rendered":"<p>Geltungsbereich und Anbieter (1) Diese Allgemeinen Gesch\u00e4ftsbedingungen gelten f\u00fcr alle Bestellungen, die Sie bei dem Onlineshop der Madame FeeFeden Ekinci e.U.Telefon: +43 (0) 699 18 109 971E-Mail: online@madamefee.com t\u00e4tigen. (2)&hellip;<\/p>","protected":false},"author":1,"featured_media":0,"parent":0,"menu_order":0,"comment_status":"closed","ping_status":"closed","template":"","meta":{"footnotes":""},"class_list":["post-2630","page","type-page","status-publish","hentry"],"yoast_head":"<!-- This site is optimized with the Yoast SEO plugin v27.4 - https:\/\/yoast.com\/product\/yoast-seo-wordpress\/ -->\n<title>AGB - Madame Fee<\/title>\n<meta name=\"robots\" content=\"index, follow, max-snippet:-1, max-image-preview:large, max-video-preview:-1\" \/>\n<link rel=\"canonical\" href=\"https:\/\/test.madamefee.com\/tr\/agb\/\" \/>\n<meta property=\"og:locale\" content=\"tr_TR\" \/>\n<meta property=\"og:type\" content=\"article\" \/>\n<meta property=\"og:title\" content=\"AGB - Madame Fee\" \/>\n<meta property=\"og:description\" content=\"Geltungsbereich und Anbieter (1) Diese Allgemeinen Gesch\u00e4ftsbedingungen gelten f\u00fcr alle Bestellungen, die Sie bei dem Onlineshop der Madame FeeFeden Ekinci e.U.Telefon: +43 (0) 699 18 109 971E-Mail: online@madamefee.com t\u00e4tigen. (2)&hellip;\" \/>\n<meta property=\"og:url\" content=\"https:\/\/test.madamefee.com\/tr\/agb\/\" \/>\n<meta property=\"og:site_name\" content=\"Madame Fee\" \/>\n<meta property=\"article:publisher\" content=\"https:\/\/www.facebook.com\/madamefee1\" \/>\n<meta property=\"article:modified_time\" content=\"2022-02-26T16:21:00+00:00\" \/>\n<meta name=\"twitter:card\" content=\"summary_large_image\" \/>\n<meta name=\"twitter:label1\" content=\"Tahmini okuma s\u00fcresi\" \/>\n\t<meta name=\"twitter:data1\" content=\"5 dakika\" \/>\n<script type=\"application\/ld+json\" class=\"yoast-schema-graph\">{\"@context\":\"https:\\\/\\\/schema.org\",\"@graph\":[{\"@type\":\"WebPage\",\"@id\":\"https:\\\/\\\/test.madamefee.com\\\/agb\\\/\",\"url\":\"https:\\\/\\\/test.madamefee.com\\\/agb\\\/\",\"name\":\"AGB - Madame Fee\",\"isPartOf\":{\"@id\":\"https:\\\/\\\/test.madamefee.com\\\/#website\"},\"datePublished\":\"2021-11-25T21:03:50+00:00\",\"dateModified\":\"2022-02-26T16:21:00+00:00\",\"breadcrumb\":{\"@id\":\"https:\\\/\\\/test.madamefee.com\\\/agb\\\/#breadcrumb\"},\"inLanguage\":\"tr\",\"potentialAction\":[{\"@type\":\"ReadAction\",\"target\":[\"https:\\\/\\\/test.madamefee.com\\\/agb\\\/\"]}]},{\"@type\":\"BreadcrumbList\",\"@id\":\"https:\\\/\\\/test.madamefee.com\\\/agb\\\/#breadcrumb\",\"itemListElement\":[{\"@type\":\"ListItem\",\"position\":1,\"name\":\"Startseite\",\"item\":\"https:\\\/\\\/test.madamefee.com\\\/\"},{\"@type\":\"ListItem\",\"position\":2,\"name\":\"AGB\"}]},{\"@type\":\"WebSite\",\"@id\":\"https:\\\/\\\/test.madamefee.com\\\/#website\",\"url\":\"https:\\\/\\\/test.madamefee.com\\\/\",\"name\":\"Madame Fee\",\"description\":\"Online Store\",\"publisher\":{\"@id\":\"https:\\\/\\\/test.madamefee.com\\\/#organization\"},\"potentialAction\":[{\"@type\":\"SearchAction\",\"target\":{\"@type\":\"EntryPoint\",\"urlTemplate\":\"https:\\\/\\\/test.madamefee.com\\\/?s={search_term_string}\"},\"query-input\":{\"@type\":\"PropertyValueSpecification\",\"valueRequired\":true,\"valueName\":\"search_term_string\"}}],\"inLanguage\":\"tr\"},{\"@type\":\"Organization\",\"@id\":\"https:\\\/\\\/test.madamefee.com\\\/#organization\",\"name\":\"Madame Fee\",\"url\":\"https:\\\/\\\/test.madamefee.com\\\/\",\"logo\":{\"@type\":\"ImageObject\",\"inLanguage\":\"tr\",\"@id\":\"https:\\\/\\\/test.madamefee.com\\\/#\\\/schema\\\/logo\\\/image\\\/\",\"url\":\"https:\\\/\\\/www.madamefee.com\\\/wp-content\\\/uploads\\\/2022\\\/03\\\/madame_fee_1_transparent.png\",\"contentUrl\":\"https:\\\/\\\/www.madamefee.com\\\/wp-content\\\/uploads\\\/2022\\\/03\\\/madame_fee_1_transparent.png\",\"width\":496,\"height\":503,\"caption\":\"Madame Fee\"},\"image\":{\"@id\":\"https:\\\/\\\/test.madamefee.com\\\/#\\\/schema\\\/logo\\\/image\\\/\"},\"sameAs\":[\"https:\\\/\\\/www.facebook.com\\\/madamefee1\",\"https:\\\/\\\/www.instagram.com\\\/madame.fee\"]}]}<\/script>\n<!-- \/ Yoast SEO plugin. -->","yoast_head_json":{"title":"AGB - Madame Fee","robots":{"index":"index","follow":"follow","max-snippet":"max-snippet:-1","max-image-preview":"max-image-preview:large","max-video-preview":"max-video-preview:-1"},"canonical":"https:\/\/test.madamefee.com\/tr\/agb\/","og_locale":"tr_TR","og_type":"article","og_title":"AGB - Madame Fee","og_description":"Geltungsbereich und Anbieter (1) Diese Allgemeinen Gesch\u00e4ftsbedingungen gelten f\u00fcr alle Bestellungen, die Sie bei dem Onlineshop der Madame FeeFeden Ekinci e.U.Telefon: +43 (0) 699 18 109 971E-Mail: online@madamefee.com t\u00e4tigen. (2)&hellip;","og_url":"https:\/\/test.madamefee.com\/tr\/agb\/","og_site_name":"Madame Fee","article_publisher":"https:\/\/www.facebook.com\/madamefee1","article_modified_time":"2022-02-26T16:21:00+00:00","twitter_card":"summary_large_image","twitter_misc":{"Tahmini okuma s\u00fcresi":"5 dakika"},"schema":{"@context":"https:\/\/schema.org","@graph":[{"@type":"WebPage","@id":"https:\/\/test.madamefee.com\/agb\/","url":"https:\/\/test.madamefee.com\/agb\/","name":"AGB - Madame Fee","isPartOf":{"@id":"https:\/\/test.madamefee.com\/#website"},"datePublished":"2021-11-25T21:03:50+00:00","dateModified":"2022-02-26T16:21:00+00:00","breadcrumb":{"@id":"https:\/\/test.madamefee.com\/agb\/#breadcrumb"},"inLanguage":"tr","potentialAction":[{"@type":"ReadAction","target":["https:\/\/test.madamefee.com\/agb\/"]}]},{"@type":"BreadcrumbList","@id":"https:\/\/test.madamefee.com\/agb\/#breadcrumb","itemListElement":[{"@type":"ListItem","position":1,"name":"Startseite","item":"https:\/\/test.madamefee.com\/"},{"@type":"ListItem","position":2,"name":"AGB"}]},{"@type":"WebSite","@id":"https:\/\/test.madamefee.com\/#website","url":"https:\/\/test.madamefee.com\/","name":"Madame Fee","description":"Online Store","publisher":{"@id":"https:\/\/test.madamefee.com\/#organization"},"potentialAction":[{"@type":"SearchAction","target":{"@type":"EntryPoint","urlTemplate":"https:\/\/test.madamefee.com\/?s={search_term_string}"},"query-input":{"@type":"PropertyValueSpecification","valueRequired":true,"valueName":"search_term_string"}}],"inLanguage":"tr"},{"@type":"Organization","@id":"https:\/\/test.madamefee.com\/#organization","name":"Madame Fee","url":"https:\/\/test.madamefee.com\/","logo":{"@type":"ImageObject","inLanguage":"tr","@id":"https:\/\/test.madamefee.com\/#\/schema\/logo\/image\/","url":"https:\/\/www.madamefee.com\/wp-content\/uploads\/2022\/03\/madame_fee_1_transparent.png","contentUrl":"https:\/\/www.madamefee.com\/wp-content\/uploads\/2022\/03\/madame_fee_1_transparent.png","width":496,"height":503,"caption":"Madame Fee"},"image":{"@id":"https:\/\/test.madamefee.com\/#\/schema\/logo\/image\/"},"sameAs":["https:\/\/www.facebook.com\/madamefee1","https:\/\/www.instagram.com\/madame.fee"]}]}},"jetpack_sharing_enabled":true,"_links":{"self":[{"href":"https:\/\/test.madamefee.com\/tr\/wp-json\/wp\/v2\/pages\/2630","targetHints":{"allow":["GET"]}}],"collection":[{"href":"https:\/\/test.madamefee.com\/tr\/wp-json\/wp\/v2\/pages"}],"about":[{"href":"https:\/\/test.madamefee.com\/tr\/wp-json\/wp\/v2\/types\/page"}],"author":[{"embeddable":true,"href":"https:\/\/test.madamefee.com\/tr\/wp-json\/wp\/v2\/users\/1"}],"replies":[{"embeddable":true,"href":"https:\/\/test.madamefee.com\/tr\/wp-json\/wp\/v2\/comments?post=2630"}],"version-history":[{"count":0,"href":"https:\/\/test.madamefee.com\/tr\/wp-json\/wp\/v2\/pages\/2630\/revisions"}],"wp:attachment":[{"href":"https:\/\/test.madamefee.com\/tr\/wp-json\/wp\/v2\/media?parent=2630"}],"curies":[{"name":"wp","href":"https:\/\/api.w.org\/{rel}","templated":true}]}}