
{"id":2628,"date":"2021-11-25T21:03:50","date_gmt":"2021-11-25T21:03:50","guid":{"rendered":"http:\/\/www.madamefee.com\/datenschutzerklaerung\/"},"modified":"2022-02-02T21:38:35","modified_gmt":"2022-02-02T21:38:35","slug":"datenschutzerklaerung","status":"publish","type":"page","link":"https:\/\/test.madamefee.com\/tr\/datenschutzerklaerung\/","title":{"rendered":"Veri koruma"},"content":{"rendered":"<h3 class=\"wp-block-heading\" id=\"datenschutzerklarung\">Veri koruma<\/h3>\n\n\n\n<p>Vielen Dank f\u00fcr Ihr Interesse an unserem Onlineauftritt. Der Schutz Ihrer pers\u00f6nlichen Daten liegt uns<br>sehr am Herzen. An dieser Stelle m\u00f6chten wir Sie daher \u00fcber den Datenschutz in unserem<br>Unternehmen informieren. Selbstverst\u00e4ndlich beachten wir die gesetzlichen Bestimmungen des<br>Datenschutzgesetzes (DSG2000, EUDSGVO) des Telekommunikations-gesetzes (TKG) und anderer<br>datenschutzrechtlicher Bestimmungen.<br><br>Bei Ihren pers\u00f6nlichen Daten k\u00f6nnen Sie uns vertrauen! Sie werden durch digitale<br>Sicherheitssysteme verschl\u00fcsselt und an uns \u00fcbertragen. Unsere Webseiten sind durch technische<br>Ma\u00dfnahmen gegen Besch\u00e4digungen, Zerst\u00f6rung oder unberechtigten Zugriff gesch\u00fctzt.<\/p>\n\n\n\n<h3 class=\"wp-block-heading\" id=\"gegenstand-des-datenschutzes\">Gegenstand des Datenschutzes<\/h3>\n\n\n\n<p>Gegenstand des Datenschutzes sind personenbezogene Daten. Diese sind nach EUDSGVO<br>Einzelangaben \u00fcber pers\u00f6nliche oder sachliche Verh\u00e4ltnisse einer bestimmten oder bestimmbaren<br>nat\u00fcrlichen Person. Hierunter fallen z. B. Angaben wie Name, Post-Adresse, E-Mail-Adresse oder<br>Telefonnummer, ggf. aber auch Nutzungsdaten wie Ihre IP-Adresse.<\/p>\n\n\n\n<h3 class=\"wp-block-heading\" id=\"umfang-der-datenerhebung-und-speicherung\">Umfang der Datenerhebung und -speicherung<\/h3>\n\n\n\n<p>Im Allgemeinen ist es f\u00fcr die Nutzung unserer Internetseite nicht erforderlich, dass Sie<br>personenbezogene Daten angeben. Damit wir unsere Dienstleistungen aber tats\u00e4chlich erbringen<br>k\u00f6nnen, ben\u00f6tigen wir ggf. Ihre personenbezogenen Daten. Dies gilt vor allem f\u00fcr die Beantwortung<br>individueller Anfragen.<br><br>Wenn Sie uns mit der Erbringung einer Dienstleistung beauftragen, erheben und speichern wir Ihre<br>pers\u00f6nlichen Daten grunds\u00e4tzlich nur, soweit es f\u00fcr die Erbringung der Dienstleistung oder die<br>Durchf\u00fchrung des Auftrages notwendig ist.<br>Dazu kann es erforderlich sein, Ihre pers\u00f6nlichen Daten an Unternehmen weiterzugeben, die wir zur<br>Erbringung der Dienstleistung oder zur Vertragsabwicklung einsetzen.<br><br>Eine Weitergabe Ihrer pers\u00f6nlichen Daten an Dritte erfolgt ohne Ihre ausdr\u00fcckliche Einwilligung<br>nicht, sofern dies nicht zur Erbringung der Dienstleistung oder zur Vertragsdurchf\u00fchrung notwendig<br>ist (wie oben angegeben). Auch die \u00dcbermittlung an auskunftsberechtigte staatliche Institution und<br>Beh\u00f6rden erfolgt nur im Rahmen der gesetzlichen Auskunftspflichten oder wenn wir durch eine<br>gerichtliche Entscheidung zur Auskunft verpflichtet werden. In letzterem Fall werden die Betroffenen<br>\u00fcber die \u00dcbermittlung der Daten umgehend informiert.<br><br>Nach vollst\u00e4ndiger Vertragsabwicklung werden Ihre Daten nach Ablauf des Verwendungszweckes<br>und der steuer- und handelsrechtlichen Aufbewahrungsvorschriften gel\u00f6scht, sofern Sie nicht <br>ausdr\u00fccklich einer dar\u00fcber hinausgehende Datenverwendung zugestimmt haben (siehe<br>L\u00f6schunganrecht).<br><br>Wenn Sie sich mit Ihrer E-Mail-Adresse f\u00fcr unseren Newsletter angemeldet haben, nutzen wir Ihre E-<br>Mail-Adresse auch \u00fcber die Vertragsdurchf\u00fchrung hinaus f\u00fcr eigene Werbezwecke, bis Sie sich vom<br>Newsletter-Bezug abmelden.<\/p>\n\n\n\n<h3 class=\"wp-block-heading\" id=\"daten-erhebung-durch-nutzung-von-google-analytics\">Daten-Erhebung durch Nutzung von Google-Analytics<\/h3>\n\n\n\n<p>Unsere Webseite benutzt Google-Analytics, einen Webanalysedienst, der Google inc. Google-<br>Analytics verwendet sogenannte \u201eCookies\u201c. Dabei handelt es sich um Dateien, die auf Ihrem<br>Computer gespeichert werden und die eine Analyse ihrer Benutzung der Website erm\u00f6glichen.<br>Erfasst werden Informationen. Die durch diese Dateien erzeugten Informationen \u00fcber die Benutzung<br>unserer Webseite werden an Google in den USA \u00fcbertragen und dort gespeichert. Google nutzt diese<br>Information, um die Nutzung unserer Webseite auszuwerten und um Reports \u00fcber die<br>Webseitenaktivit\u00e4t f\u00fcr die Webseitenbetreiber zusammen zu stellen. Sofern dies gesetzlich<br>vorgeschrieben ist oder soweit Dritte diese Daten im Auftrag von Google verarbeiten, wird Google<br>diese Information auch an diese Dritten weitergeben. Die Nutzung erfolgt anonymisiert oder<br>pseudonymisiert. N\u00e4here Informationen dar\u00fcber finden Sie direkt bei Google<br>http:\/\/www.google.com\/intl\/de\/privacypolicy.html#information<br><br>Wenn Sie nicht m\u00f6chten, dass Ihre Websiteaktivit\u00e4ten von Google Analytics aufgezeichnet werden,<br>k\u00f6nnen Sie das Browser-Add-on zur Deaktivierung von Google Analytics installieren. So wird<br>verhindert, dass \u00fcber das auf Websites ausgef\u00fchrte JavaScript (ga.js, analytics.js und dc.js)<br>Aktivit\u00e4tsdaten mit Google Analytics geteilt werden.<br><br>N\u00e4here Informationen und den Downloadlink f\u00fcr das Browser-Add-on finden Sie hier:<br>https:\/\/tools.google.com\/dlpage\/gaoptout?hl=de<br><br>Selbstverst\u00e4ndlich k\u00f6nnen Sie unsere Websites auch ohne Cookies betrachten. Sie k\u00f6nnen das<br>Speichern von Cookies auf Ihrer Festplatte verhindern, indem Sie in Ihren Browser-Einstellungen<br>&#8222;keine Cookies akzeptieren&#8220; w\u00e4hlen. Wie das im Einzelnen funktioniert, entnehmen Sie bitte der<br>Bedienungsanleitung oder der Hilfefunktion Ihres Browsers. Wenn Sie keine Cookies akzeptieren,<br>kann dieses aber zu gewissen Funktionseinschr\u00e4nkungen f\u00fchren.<\/p>\n\n\n\n<h3 class=\"wp-block-heading\" id=\"erhebung-und-speicherung-von-nutzungsdaten\">Erhebung und Speicherung von Nutzungsdaten<\/h3>\n\n\n\n<p>Zur Optimierung unserer Webseite sammeln und speichern wir Daten wie z. B. Datum und Uhrzeit<br>des Seitenaufrufs oder die Seite, von der Sie unsere Seite aufgerufen haben. Dies erfolgt<br>anonymisiert, ohne den Benutzer der Seite pers\u00f6nlich zu identifizieren. Unter Umst\u00e4nden werden<br>Nutzerprofile mittels eines Pseudonyms erstellt. Auch hierbei erfolgt keine Verbindung zwischen der<br>hinter dem Pseudonym stehenden nat\u00fcrlichen Personen mit den erhobenen Nutzungsdaten. Diese<br>Daten erheben wir ausschlie\u00dflich zu statistischen Zwecken, um unseren Internetauftritt weiter zu<br>optimieren und unsere Internetangebote noch attraktiver gestalten zu k\u00f6nnen. Die Erhebung und<br>Speicherung erfolgt ausschlie\u00dflich in anonymisierter oder pseudonymisierter Form und l\u00e4sst keinen<br>R\u00fcckschluss auf Sie als nat\u00fcrlich Person zu<\/p>\n\n\n\n<h3 class=\"wp-block-heading\" id=\"zweckgebundene-datenverwendung\">Zweckgebundene Datenverwendung<\/h3>\n\n\n\n<p>Wir beachten den Grundsatz der zweckgebundenen Daten-Verwendung und erheben, verarbeiten<br>und speichern personenbezogene Daten nur f\u00fcr die Zwecke, die legitim sind und eine entsprechende<br>Rechtsgrundlage besitzen.<br>Auch den unternehmensinternen Datenschutz nehmen wir sehr ernst. Unsere Mitarbeiter und die<br>von uns beauftragten Dienstleistungsunternehmen sind von uns zur Verschwiegenheit und zur<br>Einhaltung der datenschutzrechtlichen Bestimmungen verpflichtet worden.<\/p>\n\n\n\n<h3 class=\"wp-block-heading\" id=\"auskunfts-loschungs-und-widerspruchsrecht-sowie-kontaktdaten\">Auskunfts-, L\u00f6schungs- und Widerspruchsrecht sowie Kontaktdaten<\/h3>\n\n\n\n<p>Ihnen steht das Recht zu, jederzeit in angemessenem Umfang Auskunft \u00fcber bzw. L\u00f6schung der von<br>Ihnen verarbeiteten personenbezogenen Daten zu verlangen. Ferner steht Ihnen das Recht zu, diese<br>Daten berichtigen oder sperren zu lassen. Ebenso haben Sie das Recht, jederzeit, ohne Angabe von<br>Gr\u00fcnden, der Verarbeitung Ihrer personenbezogenen Daten zu widersprechen. In diesem Fall werden<br>wir die weitere Verarbeitung Ihrer personenbezogenen Daten sofort einstellen und die Daten<br>unwiederbringlich vernichten. Bitte beachten Sie, dass dadurch eine weitere Zusammenarbeit<br>ausgeschlossen wird oder Dienstleistungen unsererseits nicht mehr m\u00f6glich sind.<br><br>Wenn Sie Auskunft \u00fcber Ihre personenbezogenen Daten beziehungsweise deren Korrektur oder<br>L\u00f6schung w\u00fcnschen sowie Widerspruch einlegen m\u00f6chten oder weitergehende Fragen \u00fcber die<br>Verwendung Ihrer uns \u00fcberlassenen personenbezogenen Daten haben, kontaktieren Sie bitte:<br><br><strong>online@madamefee.com<\/strong><br><br>Wenn Sie bei einzelnen Diensten der Gesellschaft XXX als Nutzer registriert sind, bieten wir Ihnen<br>teilweise auch an, die Daten \u00fcber ein Nutzer-Konto selbst einzusehen und gegebenenfalls zu l\u00f6schen<br>oder zu \u00e4ndern.<br>Jeder Betroffene hat jederzeit das Recht, sich bei Unzufriedenheit, Unstimmigkeiten oder bei einem<br>Verdacht auf Unregelm\u00e4\u00dfigkeiten direkt an die Datenschutzbeh\u00f6rde seines Heimatlandes zu richten.<br><br>Beachten sie, dass sich Datenschutzbestimmungen und Handhabungen zum Datenschutz, z. B. bei<br>Google, laufend \u00e4ndern k\u00f6nnen. Es ist daher ratsam und erforderlich, sich \u00fcber Ver\u00e4nderungen der<br>gesetzlichen Bestimmungen und der Praxis von Unternehmen, z. B. Google, laufend zu informieren.<br><br>F\u00fcr alle Webseitenbetreiber, die einen Link zu dieser Seite ihrer jeweiligen Homepage einf\u00fcgt haben,<br>gilt, dass die Textelemente jeder hier enthaltenen Datenschutzerkl\u00e4rung nur beispielhaften<br>Charakter haben und keinen Anspruch auf Vollst\u00e4ndigkeit, Richtigkeit und Aktualit\u00e4t erheben<br>sowie keine individuelle Rechtsberatung ersetzen k\u00f6nnen. Ein Rechtsberatungsverh\u00e4ltnis oder ein<br>sonst irgendwie bindendes Rechtsverh\u00e4ltnis kommt durch die Nutzung dieser Seiten und Inhalte<br>nicht zustande. Die Inhalte der Datenschutzerkl\u00e4rung sind selbst\u00e4ndig und in Eigenverantwortung<br>zu pr\u00fcfen, ob sie f\u00fcr die jeweiligen Internetangebote oder -dienste zutreffend sind und keine<br>Zusagen enthalten, die der Webseitenbetreiber selbst nicht erf\u00fcllen kann.\u201c<\/p>","protected":false},"excerpt":{"rendered":"<p>Datenschutzerkl\u00e4rung Vielen Dank f\u00fcr Ihr Interesse an unserem Onlineauftritt. Der Schutz Ihrer pers\u00f6nlichen Daten liegt unssehr am Herzen. An dieser Stelle m\u00f6chten wir Sie daher \u00fcber den Datenschutz in unseremUnternehmen&hellip;<\/p>","protected":false},"author":1,"featured_media":0,"parent":0,"menu_order":0,"comment_status":"closed","ping_status":"closed","template":"","meta":{"footnotes":""},"class_list":["post-2628","page","type-page","status-publish","hentry"],"yoast_head":"<!-- This site is optimized with the Yoast SEO plugin v27.4 - https:\/\/yoast.com\/product\/yoast-seo-wordpress\/ -->\n<title>Datenschutzerkl\u00e4rung - Madame Fee<\/title>\n<meta name=\"robots\" content=\"index, follow, max-snippet:-1, max-image-preview:large, max-video-preview:-1\" \/>\n<link rel=\"canonical\" href=\"https:\/\/test.madamefee.com\/tr\/datenschutzerklaerung\/\" \/>\n<meta property=\"og:locale\" content=\"tr_TR\" \/>\n<meta property=\"og:type\" content=\"article\" \/>\n<meta property=\"og:title\" content=\"Datenschutzerkl\u00e4rung - Madame Fee\" \/>\n<meta property=\"og:description\" content=\"Datenschutzerkl\u00e4rung Vielen Dank f\u00fcr Ihr Interesse an unserem Onlineauftritt. Der Schutz Ihrer pers\u00f6nlichen Daten liegt unssehr am Herzen. An dieser Stelle m\u00f6chten wir Sie daher \u00fcber den Datenschutz in unseremUnternehmen&hellip;\" \/>\n<meta property=\"og:url\" content=\"https:\/\/test.madamefee.com\/tr\/datenschutzerklaerung\/\" \/>\n<meta property=\"og:site_name\" content=\"Madame Fee\" \/>\n<meta property=\"article:publisher\" content=\"https:\/\/www.facebook.com\/madamefee1\" \/>\n<meta property=\"article:modified_time\" content=\"2022-02-02T21:38:35+00:00\" \/>\n<meta name=\"twitter:card\" content=\"summary_large_image\" \/>\n<meta name=\"twitter:label1\" content=\"Tahmini okuma s\u00fcresi\" \/>\n\t<meta name=\"twitter:data1\" content=\"6 dakika\" \/>\n<script type=\"application\/ld+json\" class=\"yoast-schema-graph\">{\"@context\":\"https:\\\/\\\/schema.org\",\"@graph\":[{\"@type\":\"WebPage\",\"@id\":\"https:\\\/\\\/test.madamefee.com\\\/datenschutzerklaerung\\\/\",\"url\":\"https:\\\/\\\/test.madamefee.com\\\/datenschutzerklaerung\\\/\",\"name\":\"Datenschutzerkl\u00e4rung - Madame Fee\",\"isPartOf\":{\"@id\":\"https:\\\/\\\/test.madamefee.com\\\/#website\"},\"datePublished\":\"2021-11-25T21:03:50+00:00\",\"dateModified\":\"2022-02-02T21:38:35+00:00\",\"breadcrumb\":{\"@id\":\"https:\\\/\\\/test.madamefee.com\\\/datenschutzerklaerung\\\/#breadcrumb\"},\"inLanguage\":\"tr\",\"potentialAction\":[{\"@type\":\"ReadAction\",\"target\":[\"https:\\\/\\\/test.madamefee.com\\\/datenschutzerklaerung\\\/\"]}]},{\"@type\":\"BreadcrumbList\",\"@id\":\"https:\\\/\\\/test.madamefee.com\\\/datenschutzerklaerung\\\/#breadcrumb\",\"itemListElement\":[{\"@type\":\"ListItem\",\"position\":1,\"name\":\"Startseite\",\"item\":\"https:\\\/\\\/test.madamefee.com\\\/\"},{\"@type\":\"ListItem\",\"position\":2,\"name\":\"Datenschutzerkl\u00e4rung\"}]},{\"@type\":\"WebSite\",\"@id\":\"https:\\\/\\\/test.madamefee.com\\\/#website\",\"url\":\"https:\\\/\\\/test.madamefee.com\\\/\",\"name\":\"Madame Fee\",\"description\":\"Online Store\",\"publisher\":{\"@id\":\"https:\\\/\\\/test.madamefee.com\\\/#organization\"},\"potentialAction\":[{\"@type\":\"SearchAction\",\"target\":{\"@type\":\"EntryPoint\",\"urlTemplate\":\"https:\\\/\\\/test.madamefee.com\\\/?s={search_term_string}\"},\"query-input\":{\"@type\":\"PropertyValueSpecification\",\"valueRequired\":true,\"valueName\":\"search_term_string\"}}],\"inLanguage\":\"tr\"},{\"@type\":\"Organization\",\"@id\":\"https:\\\/\\\/test.madamefee.com\\\/#organization\",\"name\":\"Madame Fee\",\"url\":\"https:\\\/\\\/test.madamefee.com\\\/\",\"logo\":{\"@type\":\"ImageObject\",\"inLanguage\":\"tr\",\"@id\":\"https:\\\/\\\/test.madamefee.com\\\/#\\\/schema\\\/logo\\\/image\\\/\",\"url\":\"https:\\\/\\\/www.madamefee.com\\\/wp-content\\\/uploads\\\/2022\\\/03\\\/madame_fee_1_transparent.png\",\"contentUrl\":\"https:\\\/\\\/www.madamefee.com\\\/wp-content\\\/uploads\\\/2022\\\/03\\\/madame_fee_1_transparent.png\",\"width\":496,\"height\":503,\"caption\":\"Madame Fee\"},\"image\":{\"@id\":\"https:\\\/\\\/test.madamefee.com\\\/#\\\/schema\\\/logo\\\/image\\\/\"},\"sameAs\":[\"https:\\\/\\\/www.facebook.com\\\/madamefee1\",\"https:\\\/\\\/www.instagram.com\\\/madame.fee\"]}]}<\/script>\n<!-- \/ Yoast SEO plugin. -->","yoast_head_json":{"title":"Datenschutzerkl\u00e4rung - Madame Fee","robots":{"index":"index","follow":"follow","max-snippet":"max-snippet:-1","max-image-preview":"max-image-preview:large","max-video-preview":"max-video-preview:-1"},"canonical":"https:\/\/test.madamefee.com\/tr\/datenschutzerklaerung\/","og_locale":"tr_TR","og_type":"article","og_title":"Datenschutzerkl\u00e4rung - Madame Fee","og_description":"Datenschutzerkl\u00e4rung Vielen Dank f\u00fcr Ihr Interesse an unserem Onlineauftritt. Der Schutz Ihrer pers\u00f6nlichen Daten liegt unssehr am Herzen. An dieser Stelle m\u00f6chten wir Sie daher \u00fcber den Datenschutz in unseremUnternehmen&hellip;","og_url":"https:\/\/test.madamefee.com\/tr\/datenschutzerklaerung\/","og_site_name":"Madame Fee","article_publisher":"https:\/\/www.facebook.com\/madamefee1","article_modified_time":"2022-02-02T21:38:35+00:00","twitter_card":"summary_large_image","twitter_misc":{"Tahmini okuma s\u00fcresi":"6 dakika"},"schema":{"@context":"https:\/\/schema.org","@graph":[{"@type":"WebPage","@id":"https:\/\/test.madamefee.com\/datenschutzerklaerung\/","url":"https:\/\/test.madamefee.com\/datenschutzerklaerung\/","name":"Datenschutzerkl\u00e4rung - Madame Fee","isPartOf":{"@id":"https:\/\/test.madamefee.com\/#website"},"datePublished":"2021-11-25T21:03:50+00:00","dateModified":"2022-02-02T21:38:35+00:00","breadcrumb":{"@id":"https:\/\/test.madamefee.com\/datenschutzerklaerung\/#breadcrumb"},"inLanguage":"tr","potentialAction":[{"@type":"ReadAction","target":["https:\/\/test.madamefee.com\/datenschutzerklaerung\/"]}]},{"@type":"BreadcrumbList","@id":"https:\/\/test.madamefee.com\/datenschutzerklaerung\/#breadcrumb","itemListElement":[{"@type":"ListItem","position":1,"name":"Startseite","item":"https:\/\/test.madamefee.com\/"},{"@type":"ListItem","position":2,"name":"Datenschutzerkl\u00e4rung"}]},{"@type":"WebSite","@id":"https:\/\/test.madamefee.com\/#website","url":"https:\/\/test.madamefee.com\/","name":"Madame Fee","description":"Online Store","publisher":{"@id":"https:\/\/test.madamefee.com\/#organization"},"potentialAction":[{"@type":"SearchAction","target":{"@type":"EntryPoint","urlTemplate":"https:\/\/test.madamefee.com\/?s={search_term_string}"},"query-input":{"@type":"PropertyValueSpecification","valueRequired":true,"valueName":"search_term_string"}}],"inLanguage":"tr"},{"@type":"Organization","@id":"https:\/\/test.madamefee.com\/#organization","name":"Madame Fee","url":"https:\/\/test.madamefee.com\/","logo":{"@type":"ImageObject","inLanguage":"tr","@id":"https:\/\/test.madamefee.com\/#\/schema\/logo\/image\/","url":"https:\/\/www.madamefee.com\/wp-content\/uploads\/2022\/03\/madame_fee_1_transparent.png","contentUrl":"https:\/\/www.madamefee.com\/wp-content\/uploads\/2022\/03\/madame_fee_1_transparent.png","width":496,"height":503,"caption":"Madame Fee"},"image":{"@id":"https:\/\/test.madamefee.com\/#\/schema\/logo\/image\/"},"sameAs":["https:\/\/www.facebook.com\/madamefee1","https:\/\/www.instagram.com\/madame.fee"]}]}},"jetpack_sharing_enabled":true,"_links":{"self":[{"href":"https:\/\/test.madamefee.com\/tr\/wp-json\/wp\/v2\/pages\/2628","targetHints":{"allow":["GET"]}}],"collection":[{"href":"https:\/\/test.madamefee.com\/tr\/wp-json\/wp\/v2\/pages"}],"about":[{"href":"https:\/\/test.madamefee.com\/tr\/wp-json\/wp\/v2\/types\/page"}],"author":[{"embeddable":true,"href":"https:\/\/test.madamefee.com\/tr\/wp-json\/wp\/v2\/users\/1"}],"replies":[{"embeddable":true,"href":"https:\/\/test.madamefee.com\/tr\/wp-json\/wp\/v2\/comments?post=2628"}],"version-history":[{"count":0,"href":"https:\/\/test.madamefee.com\/tr\/wp-json\/wp\/v2\/pages\/2628\/revisions"}],"wp:attachment":[{"href":"https:\/\/test.madamefee.com\/tr\/wp-json\/wp\/v2\/media?parent=2628"}],"curies":[{"name":"wp","href":"https:\/\/api.w.org\/{rel}","templated":true}]}}